{"id":253,"date":"2024-10-28T20:01:27","date_gmt":"2024-10-28T20:01:27","guid":{"rendered":"https:\/\/gallant-sanderson.217-18-163-79.plesk.page\/?page_id=253"},"modified":"2025-03-18T10:51:40","modified_gmt":"2025-03-18T10:51:40","slug":"noticias","status":"publish","type":"page","link":"https:\/\/gallant-sanderson.217-18-163-79.plesk.page\/index.php\/noticias\/","title":{"rendered":"Noticias"},"content":{"rendered":"\t\t<div data-elementor-type=\"wp-page\" data-elementor-id=\"253\" class=\"elementor elementor-253\" data-elementor-post-type=\"page\">\n\t\t\t\t<div class=\"elementor-element elementor-element-4b9f02ac e-flex e-con-boxed e-con e-parent\" data-id=\"4b9f02ac\" data-element_type=\"container\" data-settings=\"{&quot;background_background&quot;:&quot;classic&quot;}\">\n\t\t\t\t\t<div class=\"e-con-inner\">\n\t\t\t\t<div class=\"elementor-element elementor-element-4fa954d5 elementor-invisible elementor-widget elementor-widget-heading\" data-id=\"4fa954d5\" data-element_type=\"widget\" data-settings=\"{&quot;_animation&quot;:&quot;fadeInUp&quot;}\" data-widget_type=\"heading.default\">\n\t\t\t\t<div class=\"elementor-widget-container\">\n\t\t\t<h2 class=\"elementor-heading-title elementor-size-default\">Noticias<\/h2>\t\t<\/div>\n\t\t\t\t<\/div>\n\t\t<div class=\"elementor-element elementor-element-7ba40076 e-con-full e-flex elementor-invisible e-con e-child\" data-id=\"7ba40076\" data-element_type=\"container\" data-settings=\"{&quot;background_background&quot;:&quot;classic&quot;,&quot;animation&quot;:&quot;fadeInUp&quot;,&quot;animation_delay&quot;:400}\">\n\t\t\t\t<div class=\"elementor-element elementor-element-74e73d0 elementor-widget-divider--view-line elementor-widget elementor-widget-divider\" data-id=\"74e73d0\" data-element_type=\"widget\" data-widget_type=\"divider.default\">\n\t\t\t\t<div class=\"elementor-widget-container\">\n\t\t\t\t\t<div class=\"elementor-divider\">\n\t\t\t<span class=\"elementor-divider-separator\">\n\t\t\t\t\t\t<\/span>\n\t\t<\/div>\n\t\t\t\t<\/div>\n\t\t\t\t<\/div>\n\t\t\t\t<\/div>\n\t\t\t\t\t<\/div>\n\t\t\t\t<\/div>\n\t\t<div class=\"elementor-element elementor-element-126937cf e-flex e-con-boxed e-con e-parent\" data-id=\"126937cf\" data-element_type=\"container\">\n\t\t\t\t\t<div class=\"e-con-inner\">\n\t\t\t\t<div class=\"elementor-element elementor-element-fdc3844 elementor-grid-3 elementor-grid-tablet-2 elementor-grid-mobile-1 elementor-posts--thumbnail-top elementor-posts__hover-gradient elementor-widget elementor-widget-posts\" data-id=\"fdc3844\" data-element_type=\"widget\" data-settings=\"{&quot;cards_columns&quot;:&quot;3&quot;,&quot;cards_columns_tablet&quot;:&quot;2&quot;,&quot;cards_columns_mobile&quot;:&quot;1&quot;,&quot;cards_row_gap&quot;:{&quot;unit&quot;:&quot;px&quot;,&quot;size&quot;:35,&quot;sizes&quot;:[]},&quot;cards_row_gap_tablet&quot;:{&quot;unit&quot;:&quot;px&quot;,&quot;size&quot;:&quot;&quot;,&quot;sizes&quot;:[]},&quot;cards_row_gap_mobile&quot;:{&quot;unit&quot;:&quot;px&quot;,&quot;size&quot;:&quot;&quot;,&quot;sizes&quot;:[]}}\" data-widget_type=\"posts.cards\">\n\t\t\t\t<div class=\"elementor-widget-container\">\n\t\t\t\t\t<div class=\"elementor-posts-container elementor-posts elementor-posts--skin-cards elementor-grid\">\n\t\t\t\t<article class=\"elementor-post elementor-grid-item post-279 post type-post status-publish format-standard has-post-thumbnail hentry category-noticias\">\n\t\t\t<div class=\"elementor-post__card\">\n\t\t\t\t<a class=\"elementor-post__thumbnail__link\" href=\"https:\/\/gallant-sanderson.217-18-163-79.plesk.page\/index.php\/2024\/10\/29\/la-cnmv-prohibe-las-posiciones-cortas-durante-un-mes\/\" tabindex=\"-1\" ><div class=\"elementor-post__thumbnail\"><img fetchpriority=\"high\" decoding=\"async\" width=\"8495\" height=\"5663\" src=\"https:\/\/gallant-sanderson.217-18-163-79.plesk.page\/wp-content\/uploads\/2024\/10\/concerned-serious-bearded-man-round-eyewear-pulls-palm-towards-camera-stops-warns-you.jpg\" class=\"attachment-full size-full wp-image-280\" alt=\"\" srcset=\"https:\/\/gallant-sanderson.217-18-163-79.plesk.page\/wp-content\/uploads\/2024\/10\/concerned-serious-bearded-man-round-eyewear-pulls-palm-towards-camera-stops-warns-you.jpg 8495w, https:\/\/gallant-sanderson.217-18-163-79.plesk.page\/wp-content\/uploads\/2024\/10\/concerned-serious-bearded-man-round-eyewear-pulls-palm-towards-camera-stops-warns-you-300x200.jpg 300w, https:\/\/gallant-sanderson.217-18-163-79.plesk.page\/wp-content\/uploads\/2024\/10\/concerned-serious-bearded-man-round-eyewear-pulls-palm-towards-camera-stops-warns-you-1024x683.jpg 1024w, https:\/\/gallant-sanderson.217-18-163-79.plesk.page\/wp-content\/uploads\/2024\/10\/concerned-serious-bearded-man-round-eyewear-pulls-palm-towards-camera-stops-warns-you-768x512.jpg 768w\" sizes=\"(max-width: 8495px) 100vw, 8495px\" \/><\/div><\/a>\n\t\t\t\t<div class=\"elementor-post__badge\">Noticias<\/div>\n\t\t\t\t<div class=\"elementor-post__text\">\n\t\t\t\t<h3 class=\"elementor-post__title\">\n\t\t\t<a href=\"https:\/\/gallant-sanderson.217-18-163-79.plesk.page\/index.php\/2024\/10\/29\/la-cnmv-prohibe-las-posiciones-cortas-durante-un-mes\/\" >\n\t\t\t\tLa CNMV proh\u00edbe las posiciones cortas durante un mes\t\t\t<\/a>\n\t\t<\/h3>\n\t\t\t\t<div class=\"elementor-post__excerpt\">\n\t\t\t\t\t<\/div>\n\t\t\n\t\t<a class=\"elementor-post__read-more\" href=\"https:\/\/gallant-sanderson.217-18-163-79.plesk.page\/index.php\/2024\/10\/29\/la-cnmv-prohibe-las-posiciones-cortas-durante-un-mes\/\" aria-label=\"Read more about La CNMV proh\u00edbe las posiciones cortas durante un mes\" tabindex=\"-1\" >\n\t\t\tLeer m\u00e1s \u00bb\t\t<\/a>\n\n\t\t\t\t<\/div>\n\t\t\t\t\t<\/div>\n\t\t<\/article>\n\t\t\t\t<article class=\"elementor-post elementor-grid-item post-274 post type-post status-publish format-standard has-post-thumbnail hentry category-noticias\">\n\t\t\t<div class=\"elementor-post__card\">\n\t\t\t\t<a class=\"elementor-post__thumbnail__link\" href=\"https:\/\/gallant-sanderson.217-18-163-79.plesk.page\/index.php\/2024\/10\/29\/clh-recibe-el-premio-a-la-eficiencia-en-los-iv-premios-global-tank-storage\/\" tabindex=\"-1\" ><div class=\"elementor-post__thumbnail\"><img decoding=\"async\" width=\"2560\" height=\"1707\" src=\"https:\/\/gallant-sanderson.217-18-163-79.plesk.page\/wp-content\/uploads\/2024\/10\/male-athlete-holding-medal-scaled.jpg\" class=\"attachment-full size-full wp-image-275\" alt=\"\" srcset=\"https:\/\/gallant-sanderson.217-18-163-79.plesk.page\/wp-content\/uploads\/2024\/10\/male-athlete-holding-medal-scaled.jpg 2560w, https:\/\/gallant-sanderson.217-18-163-79.plesk.page\/wp-content\/uploads\/2024\/10\/male-athlete-holding-medal-300x200.jpg 300w, https:\/\/gallant-sanderson.217-18-163-79.plesk.page\/wp-content\/uploads\/2024\/10\/male-athlete-holding-medal-1024x683.jpg 1024w, https:\/\/gallant-sanderson.217-18-163-79.plesk.page\/wp-content\/uploads\/2024\/10\/male-athlete-holding-medal-768x512.jpg 768w, https:\/\/gallant-sanderson.217-18-163-79.plesk.page\/wp-content\/uploads\/2024\/10\/male-athlete-holding-medal-1536x1024.jpg 1536w, https:\/\/gallant-sanderson.217-18-163-79.plesk.page\/wp-content\/uploads\/2024\/10\/male-athlete-holding-medal-2048x1365.jpg 2048w\" sizes=\"(max-width: 2560px) 100vw, 2560px\" \/><\/div><\/a>\n\t\t\t\t<div class=\"elementor-post__badge\">Noticias<\/div>\n\t\t\t\t<div class=\"elementor-post__text\">\n\t\t\t\t<h3 class=\"elementor-post__title\">\n\t\t\t<a href=\"https:\/\/gallant-sanderson.217-18-163-79.plesk.page\/index.php\/2024\/10\/29\/clh-recibe-el-premio-a-la-eficiencia-en-los-iv-premios-global-tank-storage\/\" >\n\t\t\t\tCLH recibe el premio a la eficiencia en los IV Premios Global Tank Storage\t\t\t<\/a>\n\t\t<\/h3>\n\t\t\t\t<div class=\"elementor-post__excerpt\">\n\t\t\t\t\t<\/div>\n\t\t\n\t\t<a class=\"elementor-post__read-more\" href=\"https:\/\/gallant-sanderson.217-18-163-79.plesk.page\/index.php\/2024\/10\/29\/clh-recibe-el-premio-a-la-eficiencia-en-los-iv-premios-global-tank-storage\/\" aria-label=\"Read more about CLH recibe el premio a la eficiencia en los IV Premios Global Tank Storage\" tabindex=\"-1\" >\n\t\t\tLeer m\u00e1s \u00bb\t\t<\/a>\n\n\t\t\t\t<\/div>\n\t\t\t\t\t<\/div>\n\t\t<\/article>\n\t\t\t\t<article class=\"elementor-post elementor-grid-item post-1 post type-post status-publish format-standard has-post-thumbnail hentry category-noticias\">\n\t\t\t<div class=\"elementor-post__card\">\n\t\t\t\t<a class=\"elementor-post__thumbnail__link\" href=\"https:\/\/gallant-sanderson.217-18-163-79.plesk.page\/index.php\/2024\/10\/25\/activemos-la-europa-de-la-solidaridad\/\" tabindex=\"-1\" ><div class=\"elementor-post__thumbnail\"><img decoding=\"async\" width=\"1200\" height=\"802\" src=\"https:\/\/gallant-sanderson.217-18-163-79.plesk.page\/wp-content\/uploads\/2024\/10\/dia-europa-recordamos-curiosas-banderas-union-europea-nunca-existieron-3028284.webp\" class=\"attachment-full size-full wp-image-290\" alt=\"\" srcset=\"https:\/\/gallant-sanderson.217-18-163-79.plesk.page\/wp-content\/uploads\/2024\/10\/dia-europa-recordamos-curiosas-banderas-union-europea-nunca-existieron-3028284.webp 1200w, https:\/\/gallant-sanderson.217-18-163-79.plesk.page\/wp-content\/uploads\/2024\/10\/dia-europa-recordamos-curiosas-banderas-union-europea-nunca-existieron-3028284-300x201.webp 300w, https:\/\/gallant-sanderson.217-18-163-79.plesk.page\/wp-content\/uploads\/2024\/10\/dia-europa-recordamos-curiosas-banderas-union-europea-nunca-existieron-3028284-1024x684.webp 1024w, https:\/\/gallant-sanderson.217-18-163-79.plesk.page\/wp-content\/uploads\/2024\/10\/dia-europa-recordamos-curiosas-banderas-union-europea-nunca-existieron-3028284-768x513.webp 768w\" sizes=\"(max-width: 1200px) 100vw, 1200px\" \/><\/div><\/a>\n\t\t\t\t<div class=\"elementor-post__badge\">Noticias<\/div>\n\t\t\t\t<div class=\"elementor-post__text\">\n\t\t\t\t<h3 class=\"elementor-post__title\">\n\t\t\t<a href=\"https:\/\/gallant-sanderson.217-18-163-79.plesk.page\/index.php\/2024\/10\/25\/activemos-la-europa-de-la-solidaridad\/\" >\n\t\t\t\tActivemos la Europa de la Solidaridad\t\t\t<\/a>\n\t\t<\/h3>\n\t\t\t\t<div class=\"elementor-post__excerpt\">\n\t\t\t<p>Welcome to WordPress. This is your first post. Edit or delete it, then start writing!<\/p>\n\t\t<\/div>\n\t\t\n\t\t<a class=\"elementor-post__read-more\" href=\"https:\/\/gallant-sanderson.217-18-163-79.plesk.page\/index.php\/2024\/10\/25\/activemos-la-europa-de-la-solidaridad\/\" aria-label=\"Read more about Activemos la Europa de la Solidaridad\" tabindex=\"-1\" >\n\t\t\tLeer m\u00e1s \u00bb\t\t<\/a>\n\n\t\t\t\t<\/div>\n\t\t\t\t\t<\/div>\n\t\t<\/article>\n\t\t\t\t<\/div>\n\t\t\n\t\t\t\t<\/div>\n\t\t\t\t<\/div>\n\t\t\t\t\t<\/div>\n\t\t\t\t<\/div>\n\t\t<div class=\"elementor-element elementor-element-2f686cdc e-flex e-con-boxed e-con e-parent\" data-id=\"2f686cdc\" data-element_type=\"container\">\n\t\t\t\t\t<div class=\"e-con-inner\">\n\t\t<div class=\"elementor-element elementor-element-e0c6dfa e-con-full e-flex elementor-invisible e-con e-child\" data-id=\"e0c6dfa\" data-element_type=\"container\" data-settings=\"{&quot;background_background&quot;:&quot;classic&quot;,&quot;animation&quot;:&quot;fadeInUp&quot;}\">\n\t\t<div class=\"elementor-element elementor-element-62b1d49f e-con-full e-flex e-con e-child\" data-id=\"62b1d49f\" data-element_type=\"container\">\n\t\t\t\t<div class=\"elementor-element elementor-element-65110181 elementor-widget__width-auto elementor-invisible elementor-widget elementor-widget-heading\" data-id=\"65110181\" data-element_type=\"widget\" data-settings=\"{&quot;_animation&quot;:&quot;fadeInUp&quot;}\" data-widget_type=\"heading.default\">\n\t\t\t\t<div class=\"elementor-widget-container\">\n\t\t\t<p class=\"elementor-heading-title elementor-size-default\">Contacto<\/p>\t\t<\/div>\n\t\t\t\t<\/div>\n\t\t\t\t<div class=\"elementor-element elementor-element-d4350ac elementor-widget__width-inherit elementor-invisible elementor-widget elementor-widget-heading\" data-id=\"d4350ac\" data-element_type=\"widget\" data-settings=\"{&quot;_animation&quot;:&quot;fadeInUp&quot;}\" data-widget_type=\"heading.default\">\n\t\t\t\t<div class=\"elementor-widget-container\">\n\t\t\t<h2 class=\"elementor-heading-title elementor-size-default\">\u00bfQuieres asociarte? <\/h2>\t\t<\/div>\n\t\t\t\t<\/div>\n\t\t\t\t<div class=\"elementor-element elementor-element-80e47f elementor-widget__width-inherit elementor-invisible elementor-widget elementor-widget-text-editor\" data-id=\"80e47f\" data-element_type=\"widget\" data-settings=\"{&quot;_animation&quot;:&quot;fadeInUp&quot;,&quot;_animation_delay&quot;:400}\" data-widget_type=\"text-editor.default\">\n\t\t\t\t<div class=\"elementor-widget-container\">\n\t\t\t\t\t\t\t<p>As\u00ed estar\u00e1s al tanto de estas noticias y mucho m\u00e1s.<\/p>\t\t\t\t\t\t<\/div>\n\t\t\t\t<\/div>\n\t\t\t\t<div class=\"elementor-element elementor-element-36f4a83d elementor-invisible elementor-widget elementor-widget-button\" data-id=\"36f4a83d\" data-element_type=\"widget\" data-settings=\"{&quot;_animation&quot;:&quot;fadeInUp&quot;,&quot;_animation_delay&quot;:600}\" data-widget_type=\"button.default\">\n\t\t\t\t<div class=\"elementor-widget-container\">\n\t\t\t\t\t<div class=\"elementor-button-wrapper\">\n\t\t\t<a class=\"elementor-button elementor-button-link elementor-size-sm\" href=\"https:\/\/gallant-sanderson.217-18-163-79.plesk.page\/index.php\/contacto\/\">\n\t\t\t\t\t\t<span class=\"elementor-button-content-wrapper\">\n\t\t\t\t\t\t\t\t\t<span class=\"elementor-button-text\">Contacto<\/span>\n\t\t\t\t\t<\/span>\n\t\t\t\t\t<\/a>\n\t\t<\/div>\n\t\t\t\t<\/div>\n\t\t\t\t<\/div>\n\t\t\t\t<\/div>\n\t\t<div class=\"elementor-element elementor-element-357731b8 e-con-full e-flex e-con e-child\" data-id=\"357731b8\" data-element_type=\"container\">\n\t\t<div class=\"elementor-element elementor-element-550e8ce6 e-flex e-con-boxed elementor-invisible e-con e-child\" data-id=\"550e8ce6\" data-element_type=\"container\" data-settings=\"{&quot;animation&quot;:&quot;fadeInUp&quot;,&quot;animation_delay&quot;:200}\">\n\t\t\t\t\t<div class=\"e-con-inner\">\n\t\t\t\t<div class=\"elementor-element elementor-element-540745cd elementor-widget elementor-widget-image\" data-id=\"540745cd\" data-element_type=\"widget\" data-widget_type=\"image.default\">\n\t\t\t\t<div class=\"elementor-widget-container\">\n\t\t\t\t\t\t\t\t\t\t\t\t\t<img loading=\"lazy\" decoding=\"async\" width=\"800\" height=\"818\" src=\"https:\/\/gallant-sanderson.217-18-163-79.plesk.page\/wp-content\/uploads\/2024\/10\/pexels-enginakyurt-12377480-1002x1024.jpg\" class=\"attachment-large size-large wp-image-198\" alt=\"\" srcset=\"https:\/\/gallant-sanderson.217-18-163-79.plesk.page\/wp-content\/uploads\/2024\/10\/pexels-enginakyurt-12377480-1002x1024.jpg 1002w, https:\/\/gallant-sanderson.217-18-163-79.plesk.page\/wp-content\/uploads\/2024\/10\/pexels-enginakyurt-12377480-294x300.jpg 294w, https:\/\/gallant-sanderson.217-18-163-79.plesk.page\/wp-content\/uploads\/2024\/10\/pexels-enginakyurt-12377480-768x785.jpg 768w\" sizes=\"(max-width: 800px) 100vw, 800px\" \/>\t\t\t\t\t\t\t\t\t\t\t\t\t<\/div>\n\t\t\t\t<\/div>\n\t\t\t\t\t<\/div>\n\t\t\t\t<\/div>\n\t\t\t\t<\/div>\n\t\t\t\t<\/div>\n\t\t\t\t\t<\/div>\n\t\t\t\t<\/div>\n\t\t\t\t<\/div>\n\t\t","protected":false},"excerpt":{"rendered":"<p>Noticias Contacto \u00bfQuieres asociarte? As\u00ed estar\u00e1s al tanto de estas noticias y mucho m\u00e1s. Contacto<\/p>\n","protected":false},"author":1,"featured_media":0,"parent":0,"menu_order":0,"comment_status":"closed","ping_status":"closed","template":"","meta":{"footnotes":""},"class_list":["post-253","page","type-page","status-publish","hentry"],"yoast_head":"<!-- This site is optimized with the Yoast SEO plugin v23.7 - https:\/\/yoast.com\/wordpress\/plugins\/seo\/ -->\n<title>Noticias - Agavecar<\/title>\n<meta name=\"robots\" content=\"index, follow, max-snippet:-1, max-image-preview:large, max-video-preview:-1\" \/>\n<link rel=\"canonical\" href=\"https:\/\/gallant-sanderson.217-18-163-79.plesk.page\/index.php\/noticias\/\" \/>\n<meta property=\"og:locale\" content=\"es_ES\" \/>\n<meta property=\"og:type\" content=\"article\" \/>\n<meta property=\"og:title\" content=\"Noticias - Agavecar\" \/>\n<meta property=\"og:description\" content=\"Noticias Contacto \u00bfQuieres asociarte? As\u00ed estar\u00e1s al tanto de estas noticias y mucho m\u00e1s. Contacto\" \/>\n<meta property=\"og:url\" content=\"https:\/\/gallant-sanderson.217-18-163-79.plesk.page\/index.php\/noticias\/\" \/>\n<meta property=\"og:site_name\" content=\"Agavecar\" \/>\n<meta property=\"article:modified_time\" content=\"2025-03-18T10:51:40+00:00\" \/>\n<meta property=\"og:image\" content=\"https:\/\/gallant-sanderson.217-18-163-79.plesk.page\/wp-content\/uploads\/2024\/10\/pexels-enginakyurt-12377480-1002x1024.jpg\" \/>\n<meta name=\"twitter:card\" content=\"summary_large_image\" \/>\n<meta name=\"twitter:label1\" content=\"Tiempo de lectura\" \/>\n\t<meta name=\"twitter:data1\" content=\"2 minutos\" \/>\n<script type=\"application\/ld+json\" class=\"yoast-schema-graph\">{\"@context\":\"https:\/\/schema.org\",\"@graph\":[{\"@type\":\"WebPage\",\"@id\":\"https:\/\/gallant-sanderson.217-18-163-79.plesk.page\/index.php\/noticias\/\",\"url\":\"https:\/\/gallant-sanderson.217-18-163-79.plesk.page\/index.php\/noticias\/\",\"name\":\"Noticias - Agavecar\",\"isPartOf\":{\"@id\":\"https:\/\/gallant-sanderson.217-18-163-79.plesk.page\/#website\"},\"primaryImageOfPage\":{\"@id\":\"https:\/\/gallant-sanderson.217-18-163-79.plesk.page\/index.php\/noticias\/#primaryimage\"},\"image\":{\"@id\":\"https:\/\/gallant-sanderson.217-18-163-79.plesk.page\/index.php\/noticias\/#primaryimage\"},\"thumbnailUrl\":\"https:\/\/gallant-sanderson.217-18-163-79.plesk.page\/wp-content\/uploads\/2024\/10\/pexels-enginakyurt-12377480-1002x1024.jpg\",\"datePublished\":\"2024-10-28T20:01:27+00:00\",\"dateModified\":\"2025-03-18T10:51:40+00:00\",\"breadcrumb\":{\"@id\":\"https:\/\/gallant-sanderson.217-18-163-79.plesk.page\/index.php\/noticias\/#breadcrumb\"},\"inLanguage\":\"es\",\"potentialAction\":[{\"@type\":\"ReadAction\",\"target\":[\"https:\/\/gallant-sanderson.217-18-163-79.plesk.page\/index.php\/noticias\/\"]}]},{\"@type\":\"ImageObject\",\"inLanguage\":\"es\",\"@id\":\"https:\/\/gallant-sanderson.217-18-163-79.plesk.page\/index.php\/noticias\/#primaryimage\",\"url\":\"https:\/\/gallant-sanderson.217-18-163-79.plesk.page\/wp-content\/uploads\/2024\/10\/pexels-enginakyurt-12377480.jpg\",\"contentUrl\":\"https:\/\/gallant-sanderson.217-18-163-79.plesk.page\/wp-content\/uploads\/2024\/10\/pexels-enginakyurt-12377480.jpg\",\"width\":7661,\"height\":7830},{\"@type\":\"BreadcrumbList\",\"@id\":\"https:\/\/gallant-sanderson.217-18-163-79.plesk.page\/index.php\/noticias\/#breadcrumb\",\"itemListElement\":[{\"@type\":\"ListItem\",\"position\":1,\"name\":\"Portada\",\"item\":\"https:\/\/gallant-sanderson.217-18-163-79.plesk.page\/\"},{\"@type\":\"ListItem\",\"position\":2,\"name\":\"Noticias\"}]},{\"@type\":\"WebSite\",\"@id\":\"https:\/\/gallant-sanderson.217-18-163-79.plesk.page\/#website\",\"url\":\"https:\/\/gallant-sanderson.217-18-163-79.plesk.page\/\",\"name\":\"Agavecar\",\"description\":\"Agrupaci\u00f3n Andaluza de Vendedores al por menor de Carburantes y Combustibles\",\"publisher\":{\"@id\":\"https:\/\/gallant-sanderson.217-18-163-79.plesk.page\/#organization\"},\"potentialAction\":[{\"@type\":\"SearchAction\",\"target\":{\"@type\":\"EntryPoint\",\"urlTemplate\":\"https:\/\/gallant-sanderson.217-18-163-79.plesk.page\/?s={search_term_string}\"},\"query-input\":{\"@type\":\"PropertyValueSpecification\",\"valueRequired\":true,\"valueName\":\"search_term_string\"}}],\"inLanguage\":\"es\"},{\"@type\":\"Organization\",\"@id\":\"https:\/\/gallant-sanderson.217-18-163-79.plesk.page\/#organization\",\"name\":\"Agavecar\",\"url\":\"https:\/\/gallant-sanderson.217-18-163-79.plesk.page\/\",\"logo\":{\"@type\":\"ImageObject\",\"inLanguage\":\"es\",\"@id\":\"https:\/\/gallant-sanderson.217-18-163-79.plesk.page\/#\/schema\/logo\/image\/\",\"url\":\"https:\/\/gallant-sanderson.217-18-163-79.plesk.page\/wp-content\/uploads\/2024\/10\/cropped-agavecar-logo-hor.jpg\",\"contentUrl\":\"https:\/\/gallant-sanderson.217-18-163-79.plesk.page\/wp-content\/uploads\/2024\/10\/cropped-agavecar-logo-hor.jpg\",\"width\":299,\"height\":45,\"caption\":\"Agavecar\"},\"image\":{\"@id\":\"https:\/\/gallant-sanderson.217-18-163-79.plesk.page\/#\/schema\/logo\/image\/\"}}]}<\/script>\n<!-- \/ Yoast SEO plugin. -->","yoast_head_json":{"title":"Noticias - Agavecar","robots":{"index":"index","follow":"follow","max-snippet":"max-snippet:-1","max-image-preview":"max-image-preview:large","max-video-preview":"max-video-preview:-1"},"canonical":"https:\/\/gallant-sanderson.217-18-163-79.plesk.page\/index.php\/noticias\/","og_locale":"es_ES","og_type":"article","og_title":"Noticias - Agavecar","og_description":"Noticias Contacto \u00bfQuieres asociarte? As\u00ed estar\u00e1s al tanto de estas noticias y mucho m\u00e1s. Contacto","og_url":"https:\/\/gallant-sanderson.217-18-163-79.plesk.page\/index.php\/noticias\/","og_site_name":"Agavecar","article_modified_time":"2025-03-18T10:51:40+00:00","og_image":[{"url":"https:\/\/gallant-sanderson.217-18-163-79.plesk.page\/wp-content\/uploads\/2024\/10\/pexels-enginakyurt-12377480-1002x1024.jpg"}],"twitter_card":"summary_large_image","twitter_misc":{"Tiempo de lectura":"2 minutos"},"schema":{"@context":"https:\/\/schema.org","@graph":[{"@type":"WebPage","@id":"https:\/\/gallant-sanderson.217-18-163-79.plesk.page\/index.php\/noticias\/","url":"https:\/\/gallant-sanderson.217-18-163-79.plesk.page\/index.php\/noticias\/","name":"Noticias - Agavecar","isPartOf":{"@id":"https:\/\/gallant-sanderson.217-18-163-79.plesk.page\/#website"},"primaryImageOfPage":{"@id":"https:\/\/gallant-sanderson.217-18-163-79.plesk.page\/index.php\/noticias\/#primaryimage"},"image":{"@id":"https:\/\/gallant-sanderson.217-18-163-79.plesk.page\/index.php\/noticias\/#primaryimage"},"thumbnailUrl":"https:\/\/gallant-sanderson.217-18-163-79.plesk.page\/wp-content\/uploads\/2024\/10\/pexels-enginakyurt-12377480-1002x1024.jpg","datePublished":"2024-10-28T20:01:27+00:00","dateModified":"2025-03-18T10:51:40+00:00","breadcrumb":{"@id":"https:\/\/gallant-sanderson.217-18-163-79.plesk.page\/index.php\/noticias\/#breadcrumb"},"inLanguage":"es","potentialAction":[{"@type":"ReadAction","target":["https:\/\/gallant-sanderson.217-18-163-79.plesk.page\/index.php\/noticias\/"]}]},{"@type":"ImageObject","inLanguage":"es","@id":"https:\/\/gallant-sanderson.217-18-163-79.plesk.page\/index.php\/noticias\/#primaryimage","url":"https:\/\/gallant-sanderson.217-18-163-79.plesk.page\/wp-content\/uploads\/2024\/10\/pexels-enginakyurt-12377480.jpg","contentUrl":"https:\/\/gallant-sanderson.217-18-163-79.plesk.page\/wp-content\/uploads\/2024\/10\/pexels-enginakyurt-12377480.jpg","width":7661,"height":7830},{"@type":"BreadcrumbList","@id":"https:\/\/gallant-sanderson.217-18-163-79.plesk.page\/index.php\/noticias\/#breadcrumb","itemListElement":[{"@type":"ListItem","position":1,"name":"Portada","item":"https:\/\/gallant-sanderson.217-18-163-79.plesk.page\/"},{"@type":"ListItem","position":2,"name":"Noticias"}]},{"@type":"WebSite","@id":"https:\/\/gallant-sanderson.217-18-163-79.plesk.page\/#website","url":"https:\/\/gallant-sanderson.217-18-163-79.plesk.page\/","name":"Agavecar","description":"Agrupaci\u00f3n Andaluza de Vendedores al por menor de Carburantes y Combustibles","publisher":{"@id":"https:\/\/gallant-sanderson.217-18-163-79.plesk.page\/#organization"},"potentialAction":[{"@type":"SearchAction","target":{"@type":"EntryPoint","urlTemplate":"https:\/\/gallant-sanderson.217-18-163-79.plesk.page\/?s={search_term_string}"},"query-input":{"@type":"PropertyValueSpecification","valueRequired":true,"valueName":"search_term_string"}}],"inLanguage":"es"},{"@type":"Organization","@id":"https:\/\/gallant-sanderson.217-18-163-79.plesk.page\/#organization","name":"Agavecar","url":"https:\/\/gallant-sanderson.217-18-163-79.plesk.page\/","logo":{"@type":"ImageObject","inLanguage":"es","@id":"https:\/\/gallant-sanderson.217-18-163-79.plesk.page\/#\/schema\/logo\/image\/","url":"https:\/\/gallant-sanderson.217-18-163-79.plesk.page\/wp-content\/uploads\/2024\/10\/cropped-agavecar-logo-hor.jpg","contentUrl":"https:\/\/gallant-sanderson.217-18-163-79.plesk.page\/wp-content\/uploads\/2024\/10\/cropped-agavecar-logo-hor.jpg","width":299,"height":45,"caption":"Agavecar"},"image":{"@id":"https:\/\/gallant-sanderson.217-18-163-79.plesk.page\/#\/schema\/logo\/image\/"}}]}},"jetpack_sharing_enabled":true,"_links":{"self":[{"href":"https:\/\/gallant-sanderson.217-18-163-79.plesk.page\/index.php\/wp-json\/wp\/v2\/pages\/253"}],"collection":[{"href":"https:\/\/gallant-sanderson.217-18-163-79.plesk.page\/index.php\/wp-json\/wp\/v2\/pages"}],"about":[{"href":"https:\/\/gallant-sanderson.217-18-163-79.plesk.page\/index.php\/wp-json\/wp\/v2\/types\/page"}],"author":[{"embeddable":true,"href":"https:\/\/gallant-sanderson.217-18-163-79.plesk.page\/index.php\/wp-json\/wp\/v2\/users\/1"}],"replies":[{"embeddable":true,"href":"https:\/\/gallant-sanderson.217-18-163-79.plesk.page\/index.php\/wp-json\/wp\/v2\/comments?post=253"}],"version-history":[{"count":28,"href":"https:\/\/gallant-sanderson.217-18-163-79.plesk.page\/index.php\/wp-json\/wp\/v2\/pages\/253\/revisions"}],"predecessor-version":[{"id":704,"href":"https:\/\/gallant-sanderson.217-18-163-79.plesk.page\/index.php\/wp-json\/wp\/v2\/pages\/253\/revisions\/704"}],"wp:attachment":[{"href":"https:\/\/gallant-sanderson.217-18-163-79.plesk.page\/index.php\/wp-json\/wp\/v2\/media?parent=253"}],"curies":[{"name":"wp","href":"https:\/\/api.w.org\/{rel}","templated":true}]}}