{"id":189,"date":"2024-10-26T08:42:52","date_gmt":"2024-10-26T08:42:52","guid":{"rendered":"https:\/\/gallant-sanderson.217-18-163-79.plesk.page\/?page_id=189"},"modified":"2025-03-18T11:21:28","modified_gmt":"2025-03-18T11:21:28","slug":"politica-de-cookies","status":"publish","type":"page","link":"https:\/\/gallant-sanderson.217-18-163-79.plesk.page\/index.php\/politica-de-cookies\/","title":{"rendered":"Pol\u00edtica de Cookies"},"content":{"rendered":"\t\t<div data-elementor-type=\"wp-page\" data-elementor-id=\"189\" class=\"elementor elementor-189\" data-elementor-post-type=\"page\">\n\t\t\t\t<div class=\"elementor-element elementor-element-2f04fcb1 e-flex e-con-boxed e-con e-parent\" data-id=\"2f04fcb1\" data-element_type=\"container\">\n\t\t\t\t\t<div class=\"e-con-inner\">\n\t\t\t\t<div class=\"elementor-element elementor-element-3ae0698f elementor-widget elementor-widget-text-editor\" data-id=\"3ae0698f\" data-element_type=\"widget\" data-widget_type=\"text-editor.default\">\n\t\t\t\t<div class=\"elementor-widget-container\">\n\t\t\t\t\t\t\t<header class=\"entry-header\"><\/header><div class=\"entry-content\"><p>En cumplimiento con lo dispuesto en el art\u00edculo 22.2 de la Ley 34\/2002, de 11 de julio, de Servicios de la Sociedad de la Informaci\u00f3n y de Comercio Electr\u00f3nico, el Titular le informa que este sitio Web utiliza cookies, as\u00ed como sobre su pol\u00edtica de recogida y el tratamiento que hace de las mismas.<\/p><h2>Qu\u00e9 son las cookies<\/h2><p>Una cookie es un fichero que se descarga en su ordenador al entrar a determinadas p\u00e1ginas web. Las cookies permiten a una p\u00e1gina web, entre otras cosas, almacenar y recuperar informaci\u00f3n sobre sus h\u00e1bitos de navegaci\u00f3n y \u2014dependiendo de la informaci\u00f3n que contengan y de la forma en que utilice su equipo\u2014 pueden utilizarse para identificarle.<\/p><h2>Tipos de cookies utilizadas<\/h2><p>El sitio Web\u00a0<a href=\"http:\/\/agavecar.com\/\">http:\/\/agavecar.com<\/a>\u00a0utiliza los siguientes tipos de cookies:<\/p><ul><li><b>Cookies de an\u00e1lisis:<\/b>\u00a0Son aquellas que, bien tratadas por el sitio Web o por terceros, permiten cuantificar el n\u00famero de usuarios y as\u00ed realizar la medici\u00f3n y an\u00e1lisis estad\u00edstico de la utilizaci\u00f3n que hacen los usuarios del sitio Web. Para ello se analiza la navegaci\u00f3n que realizas en este sitio Web con el fin de mejorarlo.<\/li><li><b>Cookies t\u00e9cnicas:<\/b>\u00a0Son aquellas tratadas por el sitio Web que permiten a los usuarios registrados navegar a trav\u00e9s del \u00e1rea restringida y a utilizar sus diferentes funciones, como por ejemplo, llevar a cabo el proceso de compra de un Producto o Servicio.<br \/>Algunas cookies son esenciales para el funcionamiento del sitio Web, por ejemplo, el sistema de comentarios o el buscador.<\/li><li><b>Cookies de personalizaci\u00f3n:<\/b>\u00a0Son aquellas que permiten a los usuarios acceder al Servicio con algunas caracter\u00edsticas de car\u00e1cter general predefinidas en funci\u00f3n de una serie de criterios establecidos por el usuario como, por ejemplo, el idioma o el tipo de navegador a trav\u00e9s del cual se conecta a este sitio Web.<\/li><\/ul><h2>Desactivar las cookies<\/h2><p>Usted puede aceptar, bloquear o eliminar las cookies instaladas en su equipo mediante la configuraci\u00f3n de las opciones del navegador.<\/p><p>En los siguientes enlaces encontrar\u00e1 instrucciones para habilitar o deshabilitar las cookies en los navegadores m\u00e1s comunes.<\/p><p><b>Firefox<\/b>\u00a0 <a href=\"http:\/\/support.mozilla.org\/es\/kb\/habilitar-y-deshabilitar-cookies-que-los-sitios-we\" rel=\"nofollow\">http:\/\/support.mozilla.org\/es\/kb\/habilitar-y-deshabilitar-cookies-que-los-sitios-we<\/a><\/p><p><b>Safari<\/b> <a href=\"http:\/\/support.apple.com\/kb\/HT1677?viewlocale=es_ES\" rel=\"nofollow\">http:\/\/support.apple.com\/kb\/HT1677?viewlocale=es_ES<\/a><\/p><p><b>Google Chrome <\/b><a href=\"https:\/\/support.google.com\/chrome\/answer\/95647?hl=es\" rel=\"nofollow\">https:\/\/support.google.com\/chrome\/answer\/95647?hl=es<\/a><\/p><h2>Cookies de terceros<\/h2><p>El sitio Web utiliza los servicios de Google Adsense y de Google Analytics que pueden instalar cookies que sirven para obtener estad\u00edsticas y datos publicitarios.<\/p><p>El sitio Web incluye otras funcionalidades proporcionadas por las redes sociales y que pueden instalar cookies. Usted puede compartir el contenido en tus redes sociales como Facebook, Twitter, Google +, Instagram o YouTube con los botones incluidos a tal efecto o con las herramientas para compartir propias de las redes sociales.<\/p><h2>Advertencia sobre eliminar cookies<\/h2><p>Usted puede eliminar y bloquear las cookies de este sitio Web, pero parte del sitio no funcionar\u00e1 correctamente o su calidad puede verse afectada.<\/p><h2>Contacto<\/h2><p>En caso de que tenga cualquier duda acerca de esta Pol\u00edtica de Cookies o quiera realizar cualquier comentario sobre este sitio Web, puede enviar un mensaje de correo electr\u00f3nico a la direcci\u00f3n info@agavecar.com.<\/p><\/div>\t\t\t\t\t\t<\/div>\n\t\t\t\t<\/div>\n\t\t\t\t\t<\/div>\n\t\t\t\t<\/div>\n\t\t\t\t<\/div>\n\t\t","protected":false},"excerpt":{"rendered":"<p>En cumplimiento con lo dispuesto en el art\u00edculo 22.2 de la Ley 34\/2002, de 11 de julio, de Servicios de la Sociedad de la Informaci\u00f3n y de Comercio Electr\u00f3nico, el Titular le informa que este sitio Web utiliza cookies, as\u00ed como sobre su pol\u00edtica de recogida y el tratamiento que hace de las mismas. Qu\u00e9 [&hellip;]<\/p>\n","protected":false},"author":1,"featured_media":0,"parent":0,"menu_order":0,"comment_status":"closed","ping_status":"closed","template":"","meta":{"footnotes":""},"class_list":["post-189","page","type-page","status-publish","hentry"],"yoast_head":"<!-- This site is optimized with the Yoast SEO plugin v23.7 - https:\/\/yoast.com\/wordpress\/plugins\/seo\/ -->\n<title>Pol\u00edtica de Cookies - Agavecar<\/title>\n<meta name=\"robots\" content=\"index, follow, max-snippet:-1, max-image-preview:large, max-video-preview:-1\" \/>\n<link rel=\"canonical\" href=\"https:\/\/gallant-sanderson.217-18-163-79.plesk.page\/index.php\/politica-de-cookies\/\" \/>\n<meta property=\"og:locale\" content=\"es_ES\" \/>\n<meta property=\"og:type\" content=\"article\" \/>\n<meta property=\"og:title\" content=\"Pol\u00edtica de Cookies - Agavecar\" \/>\n<meta property=\"og:description\" content=\"En cumplimiento con lo dispuesto en el art\u00edculo 22.2 de la Ley 34\/2002, de 11 de julio, de Servicios de la Sociedad de la Informaci\u00f3n y de Comercio Electr\u00f3nico, el Titular le informa que este sitio Web utiliza cookies, as\u00ed como sobre su pol\u00edtica de recogida y el tratamiento que hace de las mismas. Qu\u00e9 [&hellip;]\" \/>\n<meta property=\"og:url\" content=\"https:\/\/gallant-sanderson.217-18-163-79.plesk.page\/index.php\/politica-de-cookies\/\" \/>\n<meta property=\"og:site_name\" content=\"Agavecar\" \/>\n<meta property=\"article:modified_time\" content=\"2025-03-18T11:21:28+00:00\" \/>\n<meta name=\"twitter:card\" content=\"summary_large_image\" \/>\n<meta name=\"twitter:label1\" content=\"Tiempo de lectura\" \/>\n\t<meta name=\"twitter:data1\" content=\"3 minutos\" \/>\n<script type=\"application\/ld+json\" class=\"yoast-schema-graph\">{\"@context\":\"https:\/\/schema.org\",\"@graph\":[{\"@type\":\"WebPage\",\"@id\":\"https:\/\/gallant-sanderson.217-18-163-79.plesk.page\/index.php\/politica-de-cookies\/\",\"url\":\"https:\/\/gallant-sanderson.217-18-163-79.plesk.page\/index.php\/politica-de-cookies\/\",\"name\":\"Pol\u00edtica de Cookies - Agavecar\",\"isPartOf\":{\"@id\":\"https:\/\/gallant-sanderson.217-18-163-79.plesk.page\/#website\"},\"datePublished\":\"2024-10-26T08:42:52+00:00\",\"dateModified\":\"2025-03-18T11:21:28+00:00\",\"breadcrumb\":{\"@id\":\"https:\/\/gallant-sanderson.217-18-163-79.plesk.page\/index.php\/politica-de-cookies\/#breadcrumb\"},\"inLanguage\":\"es\",\"potentialAction\":[{\"@type\":\"ReadAction\",\"target\":[\"https:\/\/gallant-sanderson.217-18-163-79.plesk.page\/index.php\/politica-de-cookies\/\"]}]},{\"@type\":\"BreadcrumbList\",\"@id\":\"https:\/\/gallant-sanderson.217-18-163-79.plesk.page\/index.php\/politica-de-cookies\/#breadcrumb\",\"itemListElement\":[{\"@type\":\"ListItem\",\"position\":1,\"name\":\"Portada\",\"item\":\"https:\/\/gallant-sanderson.217-18-163-79.plesk.page\/\"},{\"@type\":\"ListItem\",\"position\":2,\"name\":\"Pol\u00edtica de Cookies\"}]},{\"@type\":\"WebSite\",\"@id\":\"https:\/\/gallant-sanderson.217-18-163-79.plesk.page\/#website\",\"url\":\"https:\/\/gallant-sanderson.217-18-163-79.plesk.page\/\",\"name\":\"Agavecar\",\"description\":\"Agrupaci\u00f3n Andaluza de Vendedores al por menor de Carburantes y Combustibles\",\"publisher\":{\"@id\":\"https:\/\/gallant-sanderson.217-18-163-79.plesk.page\/#organization\"},\"potentialAction\":[{\"@type\":\"SearchAction\",\"target\":{\"@type\":\"EntryPoint\",\"urlTemplate\":\"https:\/\/gallant-sanderson.217-18-163-79.plesk.page\/?s={search_term_string}\"},\"query-input\":{\"@type\":\"PropertyValueSpecification\",\"valueRequired\":true,\"valueName\":\"search_term_string\"}}],\"inLanguage\":\"es\"},{\"@type\":\"Organization\",\"@id\":\"https:\/\/gallant-sanderson.217-18-163-79.plesk.page\/#organization\",\"name\":\"Agavecar\",\"url\":\"https:\/\/gallant-sanderson.217-18-163-79.plesk.page\/\",\"logo\":{\"@type\":\"ImageObject\",\"inLanguage\":\"es\",\"@id\":\"https:\/\/gallant-sanderson.217-18-163-79.plesk.page\/#\/schema\/logo\/image\/\",\"url\":\"https:\/\/gallant-sanderson.217-18-163-79.plesk.page\/wp-content\/uploads\/2024\/10\/cropped-agavecar-logo-hor.jpg\",\"contentUrl\":\"https:\/\/gallant-sanderson.217-18-163-79.plesk.page\/wp-content\/uploads\/2024\/10\/cropped-agavecar-logo-hor.jpg\",\"width\":299,\"height\":45,\"caption\":\"Agavecar\"},\"image\":{\"@id\":\"https:\/\/gallant-sanderson.217-18-163-79.plesk.page\/#\/schema\/logo\/image\/\"}}]}<\/script>\n<!-- \/ Yoast SEO plugin. -->","yoast_head_json":{"title":"Pol\u00edtica de Cookies - Agavecar","robots":{"index":"index","follow":"follow","max-snippet":"max-snippet:-1","max-image-preview":"max-image-preview:large","max-video-preview":"max-video-preview:-1"},"canonical":"https:\/\/gallant-sanderson.217-18-163-79.plesk.page\/index.php\/politica-de-cookies\/","og_locale":"es_ES","og_type":"article","og_title":"Pol\u00edtica de Cookies - Agavecar","og_description":"En cumplimiento con lo dispuesto en el art\u00edculo 22.2 de la Ley 34\/2002, de 11 de julio, de Servicios de la Sociedad de la Informaci\u00f3n y de Comercio Electr\u00f3nico, el Titular le informa que este sitio Web utiliza cookies, as\u00ed como sobre su pol\u00edtica de recogida y el tratamiento que hace de las mismas. Qu\u00e9 [&hellip;]","og_url":"https:\/\/gallant-sanderson.217-18-163-79.plesk.page\/index.php\/politica-de-cookies\/","og_site_name":"Agavecar","article_modified_time":"2025-03-18T11:21:28+00:00","twitter_card":"summary_large_image","twitter_misc":{"Tiempo de lectura":"3 minutos"},"schema":{"@context":"https:\/\/schema.org","@graph":[{"@type":"WebPage","@id":"https:\/\/gallant-sanderson.217-18-163-79.plesk.page\/index.php\/politica-de-cookies\/","url":"https:\/\/gallant-sanderson.217-18-163-79.plesk.page\/index.php\/politica-de-cookies\/","name":"Pol\u00edtica de Cookies - Agavecar","isPartOf":{"@id":"https:\/\/gallant-sanderson.217-18-163-79.plesk.page\/#website"},"datePublished":"2024-10-26T08:42:52+00:00","dateModified":"2025-03-18T11:21:28+00:00","breadcrumb":{"@id":"https:\/\/gallant-sanderson.217-18-163-79.plesk.page\/index.php\/politica-de-cookies\/#breadcrumb"},"inLanguage":"es","potentialAction":[{"@type":"ReadAction","target":["https:\/\/gallant-sanderson.217-18-163-79.plesk.page\/index.php\/politica-de-cookies\/"]}]},{"@type":"BreadcrumbList","@id":"https:\/\/gallant-sanderson.217-18-163-79.plesk.page\/index.php\/politica-de-cookies\/#breadcrumb","itemListElement":[{"@type":"ListItem","position":1,"name":"Portada","item":"https:\/\/gallant-sanderson.217-18-163-79.plesk.page\/"},{"@type":"ListItem","position":2,"name":"Pol\u00edtica de Cookies"}]},{"@type":"WebSite","@id":"https:\/\/gallant-sanderson.217-18-163-79.plesk.page\/#website","url":"https:\/\/gallant-sanderson.217-18-163-79.plesk.page\/","name":"Agavecar","description":"Agrupaci\u00f3n Andaluza de Vendedores al por menor de Carburantes y Combustibles","publisher":{"@id":"https:\/\/gallant-sanderson.217-18-163-79.plesk.page\/#organization"},"potentialAction":[{"@type":"SearchAction","target":{"@type":"EntryPoint","urlTemplate":"https:\/\/gallant-sanderson.217-18-163-79.plesk.page\/?s={search_term_string}"},"query-input":{"@type":"PropertyValueSpecification","valueRequired":true,"valueName":"search_term_string"}}],"inLanguage":"es"},{"@type":"Organization","@id":"https:\/\/gallant-sanderson.217-18-163-79.plesk.page\/#organization","name":"Agavecar","url":"https:\/\/gallant-sanderson.217-18-163-79.plesk.page\/","logo":{"@type":"ImageObject","inLanguage":"es","@id":"https:\/\/gallant-sanderson.217-18-163-79.plesk.page\/#\/schema\/logo\/image\/","url":"https:\/\/gallant-sanderson.217-18-163-79.plesk.page\/wp-content\/uploads\/2024\/10\/cropped-agavecar-logo-hor.jpg","contentUrl":"https:\/\/gallant-sanderson.217-18-163-79.plesk.page\/wp-content\/uploads\/2024\/10\/cropped-agavecar-logo-hor.jpg","width":299,"height":45,"caption":"Agavecar"},"image":{"@id":"https:\/\/gallant-sanderson.217-18-163-79.plesk.page\/#\/schema\/logo\/image\/"}}]}},"jetpack_sharing_enabled":true,"_links":{"self":[{"href":"https:\/\/gallant-sanderson.217-18-163-79.plesk.page\/index.php\/wp-json\/wp\/v2\/pages\/189"}],"collection":[{"href":"https:\/\/gallant-sanderson.217-18-163-79.plesk.page\/index.php\/wp-json\/wp\/v2\/pages"}],"about":[{"href":"https:\/\/gallant-sanderson.217-18-163-79.plesk.page\/index.php\/wp-json\/wp\/v2\/types\/page"}],"author":[{"embeddable":true,"href":"https:\/\/gallant-sanderson.217-18-163-79.plesk.page\/index.php\/wp-json\/wp\/v2\/users\/1"}],"replies":[{"embeddable":true,"href":"https:\/\/gallant-sanderson.217-18-163-79.plesk.page\/index.php\/wp-json\/wp\/v2\/comments?post=189"}],"version-history":[{"count":26,"href":"https:\/\/gallant-sanderson.217-18-163-79.plesk.page\/index.php\/wp-json\/wp\/v2\/pages\/189\/revisions"}],"predecessor-version":[{"id":754,"href":"https:\/\/gallant-sanderson.217-18-163-79.plesk.page\/index.php\/wp-json\/wp\/v2\/pages\/189\/revisions\/754"}],"wp:attachment":[{"href":"https:\/\/gallant-sanderson.217-18-163-79.plesk.page\/index.php\/wp-json\/wp\/v2\/media?parent=189"}],"curies":[{"name":"wp","href":"https:\/\/api.w.org\/{rel}","templated":true}]}}